{"id":10,"date":"2022-09-18T15:19:39","date_gmt":"2022-09-18T13:19:39","guid":{"rendered":"https:\/\/neuromedis.pl\/?page_id=10"},"modified":"2023-03-30T21:59:33","modified_gmt":"2023-03-30T19:59:33","slug":"informacje","status":"publish","type":"page","link":"https:\/\/neuromedis.pl\/?page_id=10","title":{"rendered":"\u015awiadczenia"},"content":{"rendered":"\t\t<div data-elementor-type=\"wp-page\" data-elementor-id=\"10\" class=\"elementor elementor-10\">\n\t\t\t\t\t\t\t\t\t<section class=\"elementor-section elementor-top-section elementor-element elementor-element-7541f95 elementor-section-boxed elementor-section-height-default elementor-section-height-default\" data-id=\"7541f95\" data-element_type=\"section\">\n\t\t\t\t\t\t<div class=\"elementor-container elementor-column-gap-default\">\n\t\t\t\t\t<div class=\"elementor-column elementor-col-100 elementor-top-column elementor-element elementor-element-5306569\" data-id=\"5306569\" data-element_type=\"column\">\n\t\t\t<div class=\"elementor-widget-wrap elementor-element-populated\">\n\t\t\t\t\t\t\t\t<div class=\"elementor-element elementor-element-b583e56 elementor-position-left elementor-vertical-align-top elementor-widget elementor-widget-image-box\" data-id=\"b583e56\" data-element_type=\"widget\" data-widget_type=\"image-box.default\">\n\t\t\t\t<div class=\"elementor-widget-container\">\n\t\t\t<style>\/*! elementor - v3.7.7 - 20-09-2022 *\/\n.elementor-widget-image-box .elementor-image-box-content{width:100%}@media (min-width:768px){.elementor-widget-image-box.elementor-position-left .elementor-image-box-wrapper,.elementor-widget-image-box.elementor-position-right .elementor-image-box-wrapper{display:-webkit-box;display:-ms-flexbox;display:flex}.elementor-widget-image-box.elementor-position-right .elementor-image-box-wrapper{text-align:right;-webkit-box-orient:horizontal;-webkit-box-direction:reverse;-ms-flex-direction:row-reverse;flex-direction:row-reverse}.elementor-widget-image-box.elementor-position-left .elementor-image-box-wrapper{text-align:left;-webkit-box-orient:horizontal;-webkit-box-direction:normal;-ms-flex-direction:row;flex-direction:row}.elementor-widget-image-box.elementor-position-top .elementor-image-box-img{margin:auto}.elementor-widget-image-box.elementor-vertical-align-top .elementor-image-box-wrapper{-webkit-box-align:start;-ms-flex-align:start;align-items:flex-start}.elementor-widget-image-box.elementor-vertical-align-middle .elementor-image-box-wrapper{-webkit-box-align:center;-ms-flex-align:center;align-items:center}.elementor-widget-image-box.elementor-vertical-align-bottom .elementor-image-box-wrapper{-webkit-box-align:end;-ms-flex-align:end;align-items:flex-end}}@media (max-width:767px){.elementor-widget-image-box .elementor-image-box-img{margin-left:auto!important;margin-right:auto!important;margin-bottom:15px}}.elementor-widget-image-box .elementor-image-box-img{display:inline-block}.elementor-widget-image-box .elementor-image-box-title a{color:inherit}.elementor-widget-image-box .elementor-image-box-wrapper{text-align:center}.elementor-widget-image-box .elementor-image-box-description{margin:0}<\/style><div class=\"elementor-image-box-wrapper\"><figure class=\"elementor-image-box-img\"><img loading=\"lazy\" decoding=\"async\" width=\"270\" height=\"236\" src=\"https:\/\/neuromedis.pl\/wp-content\/uploads\/2022\/09\/neuromedis_223-2.jpg\" class=\"attachment-full size-full\" alt=\"\" \/><\/figure><div class=\"elementor-image-box-content\"><h3 class=\"elementor-image-box-title\">Zakres us\u0142ug<\/h3><p class=\"elementor-image-box-description\">Zakres naszych us\u0142ug obejmuj\u0105 poradnie:<\/p><\/div><\/div>\t\t<\/div>\n\t\t\t\t<\/div>\n\t\t\t\t\t<\/div>\n\t\t<\/div>\n\t\t\t\t\t\t\t<\/div>\n\t\t<\/section>\n\t\t\t\t<section class=\"elementor-section elementor-top-section elementor-element elementor-element-68ed430a elementor-section-boxed elementor-section-height-default elementor-section-height-default\" data-id=\"68ed430a\" data-element_type=\"section\">\n\t\t\t\t\t\t<div class=\"elementor-container elementor-column-gap-default\">\n\t\t\t\t\t<div class=\"elementor-column elementor-col-100 elementor-top-column elementor-element elementor-element-5a438c70\" data-id=\"5a438c70\" data-element_type=\"column\">\n\t\t\t<div class=\"elementor-widget-wrap elementor-element-populated\">\n\t\t\t\t\t\t\t\t<div class=\"elementor-element elementor-element-db0617d elementor-widget elementor-widget-text-editor\" data-id=\"db0617d\" data-element_type=\"widget\" data-widget_type=\"text-editor.default\">\n\t\t\t\t<div class=\"elementor-widget-container\">\n\t\t\t<style>\/*! elementor - v3.7.7 - 20-09-2022 *\/\n.elementor-widget-text-editor.elementor-drop-cap-view-stacked .elementor-drop-cap{background-color:#818a91;color:#fff}.elementor-widget-text-editor.elementor-drop-cap-view-framed .elementor-drop-cap{color:#818a91;border:3px solid;background-color:transparent}.elementor-widget-text-editor:not(.elementor-drop-cap-view-default) .elementor-drop-cap{margin-top:8px}.elementor-widget-text-editor:not(.elementor-drop-cap-view-default) .elementor-drop-cap-letter{width:1em;height:1em}.elementor-widget-text-editor .elementor-drop-cap{float:left;text-align:center;line-height:1;font-size:50px}.elementor-widget-text-editor .elementor-drop-cap-letter{display:inline-block}<\/style>\t\t\t\t<p><!-- wp:paragraph --><\/p>\n<ul>\n<li class=\"elementor-icon-box-title\">Poradnia Neurologiczna<\/li>\n<li class=\"elementor-icon-box-title\">Poradnia Neurochirurgiczna<\/li>\n<li class=\"elementor-icon-box-title\">Poradnia Psychologiczna<\/li>\n<li class=\"elementor-icon-box-title\">Poradnia Psychosomatyczna<\/li>\n<li class=\"elementor-icon-box-title\">Poradnia Zdrowia Psychicznego<\/li>\n<li class=\"elementor-icon-box-title\">Poradnia Zdrowia Psychicznego dla Dzieci<\/li>\n<li class=\"elementor-icon-box-title\">Poradnia Psychoterapii<\/li>\n<li class=\"elementor-icon-box-title\">Poradnia Leczenia Uzale\u017cnie\u0144<\/li>\n<li class=\"elementor-icon-box-title\">Poradnia Logopedyczna<\/li>\n<li class=\"elementor-icon-box-title\">Poradnia Kardiologiczna<\/li>\n<li class=\"elementor-icon-box-title\">Poradnia Chirurgii Urazowo-Ortopedycznej<\/li>\n<li class=\"elementor-icon-box-title\">Poradnia Dietetyczna<\/li>\n<li class=\"elementor-icon-box-title\">Pracownia Fizjoterapii<\/li>\n<\/ul>\n<p><!-- \/wp:paragraph --><\/p>\t\t\t\t\t\t<\/div>\n\t\t\t\t<\/div>\n\t\t\t\t\t<\/div>\n\t\t<\/div>\n\t\t\t\t\t\t\t<\/div>\n\t\t<\/section>\n\t\t\t\t\t\t\t<\/div>\n\t\t","protected":false},"excerpt":{"rendered":"<p>Zakres us\u0142ug Zakres naszych us\u0142ug obejmuj\u0105 poradnie: Poradnia Neurologiczna Poradnia Neurochirurgiczna Poradnia Psychologiczna Poradnia Psychosomatyczna Poradnia Zdrowia Psychicznego Poradnia Zdrowia Psychicznego dla Dzieci Poradnia Psychoterapii Poradnia Leczenia Uzale\u017cnie\u0144 Poradnia Logopedyczna Poradnia Kardiologiczna Poradnia Chirurgii Urazowo-Ortopedycznej Poradnia Dietetyczna Pracownia Fizjoterapii<\/p>\n","protected":false},"author":1,"featured_media":0,"parent":0,"menu_order":0,"comment_status":"closed","ping_status":"closed","template":"elementor_header_footer","meta":{"footnotes":""},"class_list":["post-10","page","type-page","status-publish","hentry"],"_links":{"self":[{"href":"https:\/\/neuromedis.pl\/index.php?rest_route=\/wp\/v2\/pages\/10","targetHints":{"allow":["GET"]}}],"collection":[{"href":"https:\/\/neuromedis.pl\/index.php?rest_route=\/wp\/v2\/pages"}],"about":[{"href":"https:\/\/neuromedis.pl\/index.php?rest_route=\/wp\/v2\/types\/page"}],"author":[{"embeddable":true,"href":"https:\/\/neuromedis.pl\/index.php?rest_route=\/wp\/v2\/users\/1"}],"replies":[{"embeddable":true,"href":"https:\/\/neuromedis.pl\/index.php?rest_route=%2Fwp%2Fv2%2Fcomments&post=10"}],"version-history":[{"count":9,"href":"https:\/\/neuromedis.pl\/index.php?rest_route=\/wp\/v2\/pages\/10\/revisions"}],"predecessor-version":[{"id":306,"href":"https:\/\/neuromedis.pl\/index.php?rest_route=\/wp\/v2\/pages\/10\/revisions\/306"}],"wp:attachment":[{"href":"https:\/\/neuromedis.pl\/index.php?rest_route=%2Fwp%2Fv2%2Fmedia&parent=10"}],"curies":[{"name":"wp","href":"https:\/\/api.w.org\/{rel}","templated":true}]}}